{"id":1278,"date":"2023-05-02T16:29:38","date_gmt":"2023-05-02T14:29:38","guid":{"rendered":"https:\/\/furustrand.no\/kaufbedingungen\/"},"modified":"2024-09-23T10:15:42","modified_gmt":"2024-09-23T08:15:42","slug":"kaufbedingungen","status":"publish","type":"page","link":"https:\/\/furustrand.no\/de\/kaufbedingungen\/","title":{"rendered":"Kaufbedingungen"},"content":{"rendered":"\n<div style=\"height:50px\" aria-hidden=\"true\" class=\"wp-block-spacer\"><\/div>\n\n<p><strong>ALLGEMEIN<\/strong><br\/>H\u00fctten: Check-in ab 15:00 Uhr \u2013 Check-out bis 11:00 Uhr.<br\/>Wohnmobil\/Wohnwagen: Check-in ab 12:00 Uhr \u2013 Check-out bis 12:00 Uhr.<\/p>\n\n<p><strong>VORAUSZAHLUNG<\/strong><br\/>Die Rechnung f\u00fcr den Aufenthalt wird im Voraus gesendet und ist 14 Tage vor der Ankunft f\u00e4llig. Bei Buchungen sp\u00e4ter als 14 Tage vor der Ankunft wird die Rechnung sofort gesendet. <\/p>\n\n<p><strong>STORNIERUNGEN AUFGRUND VON KRANKHEIT ODER ANDEREN UNVORHERGESEHENEN SITUATIONEN<\/strong><br\/>Eine eventuelle Stornierung muss schriftlich sp\u00e4testens 14 Tage vor der Ankunft f\u00fcr Einzelbuchungen und mindestens 4 Wochen vor der Ankunft bei Gruppenbuchungen erfolgen. Wird die Bestellung zwischen 14 Tagen und 48 Stunden vor der Ankunft storniert, stellen wir eine Rechnung \u00fcber 50 % des Aufenthalts aus. Wird die Bestellung sp\u00e4ter als 48 Stunden vor der Ankunft storniert, muss der Aufenthalt in voller H\u00f6he bezahlt werden.  <\/p>\n\n<p><strong>NO SHOW<\/strong><br\/>(Der Gast erscheint nicht ohne Stornierung) Der Gast zahlt f\u00fcr den gesamten Aufenthalt, maximal 14 Tage. <\/p>\n\n<p><strong>ABREISE VOR DEM VEREINBARTEN ZEITPUNKT<\/strong><br\/>Sollte die Abreise vor dem vereinbarten Zeitpunkt erfolgen, muss der volle Preis f\u00fcr den verbleibenden Zeitraum bezahlt werden.<\/p>\n\n<p><strong>VANDALISMUS<\/strong><br\/>Der Gast ist verantwortlich f\u00fcr Sch\u00e4den, die er an Personen, Geb\u00e4uden, M\u00f6beln und Ausr\u00fcstung verursachen kann.<\/p>\n\n<p><strong>REKLAMATIONEN<\/strong><br\/>Eventuelle Reklamationen m\u00fcssen unverz\u00fcglich und innerhalb von 2 Stunden nach Ankunft an unsere Rezeption gemeldet werden. Dies gibt uns die M\u00f6glichkeit, eventuelle M\u00e4ngel zu beheben. Reklamationen, die nicht innerhalb dieser Frist gemeldet werden, verfallen und k\u00f6nnen nachtr\u00e4glich nicht geltend gemacht werden.  <\/p>\n","protected":false},"excerpt":{"rendered":"<p>ALLGEMEINH\u00fctten: Check-in ab 15:00 Uhr \u2013 Check-out bis 11:00 Uhr.Wohnmobil\/Wohnwagen: Check-in ab 12:00 Uhr \u2013 Check-out bis 12:00 Uhr. VORAUSZAHLUNGDie Rechnung f\u00fcr den Aufenthalt wird im Voraus gesendet und ist 14 Tage vor der Ankunft f\u00e4llig. Bei Buchungen sp\u00e4ter als 14 Tage vor der Ankunft wird die Rechnung sofort gesendet. STORNIERUNGEN AUFGRUND VON KRANKHEIT ODER [&hellip;]<\/p>\n","protected":false},"author":1,"featured_media":0,"parent":0,"menu_order":0,"comment_status":"closed","ping_status":"closed","template":"template-normal.php","meta":{"_acf_changed":false,"footnotes":""},"class_list":["post-1278","page","type-page","status-publish","hentry"],"acf":[],"_links":{"self":[{"href":"https:\/\/furustrand.no\/de\/wp-json\/wp\/v2\/pages\/1278","targetHints":{"allow":["GET"]}}],"collection":[{"href":"https:\/\/furustrand.no\/de\/wp-json\/wp\/v2\/pages"}],"about":[{"href":"https:\/\/furustrand.no\/de\/wp-json\/wp\/v2\/types\/page"}],"author":[{"embeddable":true,"href":"https:\/\/furustrand.no\/de\/wp-json\/wp\/v2\/users\/1"}],"replies":[{"embeddable":true,"href":"https:\/\/furustrand.no\/de\/wp-json\/wp\/v2\/comments?post=1278"}],"version-history":[{"count":1,"href":"https:\/\/furustrand.no\/de\/wp-json\/wp\/v2\/pages\/1278\/revisions"}],"predecessor-version":[{"id":1279,"href":"https:\/\/furustrand.no\/de\/wp-json\/wp\/v2\/pages\/1278\/revisions\/1279"}],"wp:attachment":[{"href":"https:\/\/furustrand.no\/de\/wp-json\/wp\/v2\/media?parent=1278"}],"curies":[{"name":"wp","href":"https:\/\/api.w.org\/{rel}","templated":true}]}}