{"id":382,"date":"2023-03-07T12:26:53","date_gmt":"2023-03-07T11:26:53","guid":{"rendered":"https:\/\/furustrand.no\/restaurant\/"},"modified":"2024-06-25T13:06:01","modified_gmt":"2024-06-25T11:06:01","slug":"restaurant","status":"publish","type":"page","link":"https:\/\/furustrand.no\/de\/restaurant\/","title":{"rendered":"Restaurant"},"content":{"rendered":"\n<h2 class=\"wp-block-heading\">Restaurant Sj\u00f8siden er \u00e5pen om sommeren:<\/h2>\n\n<div style=\"height:63px\" aria-hidden=\"true\" class=\"wp-block-spacer\"><\/div>\n\n<ul class=\"wp-block-list\">\n<li>Mandag \u2013 Torsdag klokken 14.00 \u2013 22.00<\/li>\n\n\n\n<li>Fredag og L\u00f8rdag klokken 14.00 \u2013 23.00<\/li>\n\n\n\n<li>S\u00f8ndag klokken 13.00 \u2013 22.00<\/li>\n<\/ul>\n\n<div style=\"height:73px\" aria-hidden=\"true\" class=\"wp-block-spacer\"><\/div>\n\n<p>Sie sind herzlich willkommen, dort eine einfache warme Mahlzeit oder auch nur eine Tasse Kaffee zu genie\u00dfen. Wir bieten Ihnen auch drau\u00dfen auf der Terrasse guten Service. Rufen Sie 0047 33 32 99 65 an, wenn Sie einen Tisch reservieren m\u00f6chten.<\/p>\n\n<p>Die Speisekarte finden Sie auf der hauseigenen Website des Restaurants: <a href=\"http:\/\/restaurantsjosiden.no\">http:\/\/restaurantsjosiden.no<\/a><\/p>\n","protected":false},"excerpt":{"rendered":"<p>Restaurant Sj\u00f8siden er \u00e5pen om sommeren: Sie sind herzlich willkommen, dort eine einfache warme Mahlzeit oder auch nur eine Tasse Kaffee zu genie\u00dfen. Wir bieten Ihnen auch drau\u00dfen auf der Terrasse guten Service. Rufen Sie 0047 33 32 99 65 an, wenn Sie einen Tisch reservieren m\u00f6chten. Die Speisekarte finden Sie auf der hauseigenen Website [&hellip;]<\/p>\n","protected":false},"author":1,"featured_media":328,"parent":0,"menu_order":0,"comment_status":"closed","ping_status":"closed","template":"template-restaurant.php","meta":{"_acf_changed":false,"footnotes":""},"class_list":["post-382","page","type-page","status-publish","has-post-thumbnail","hentry"],"acf":[],"_links":{"self":[{"href":"https:\/\/furustrand.no\/de\/wp-json\/wp\/v2\/pages\/382","targetHints":{"allow":["GET"]}}],"collection":[{"href":"https:\/\/furustrand.no\/de\/wp-json\/wp\/v2\/pages"}],"about":[{"href":"https:\/\/furustrand.no\/de\/wp-json\/wp\/v2\/types\/page"}],"author":[{"embeddable":true,"href":"https:\/\/furustrand.no\/de\/wp-json\/wp\/v2\/users\/1"}],"replies":[{"embeddable":true,"href":"https:\/\/furustrand.no\/de\/wp-json\/wp\/v2\/comments?post=382"}],"version-history":[{"count":21,"href":"https:\/\/furustrand.no\/de\/wp-json\/wp\/v2\/pages\/382\/revisions"}],"predecessor-version":[{"id":1251,"href":"https:\/\/furustrand.no\/de\/wp-json\/wp\/v2\/pages\/382\/revisions\/1251"}],"wp:featuredmedia":[{"embeddable":true,"href":"https:\/\/furustrand.no\/de\/wp-json\/wp\/v2\/media\/328"}],"wp:attachment":[{"href":"https:\/\/furustrand.no\/de\/wp-json\/wp\/v2\/media?parent=382"}],"curies":[{"name":"wp","href":"https:\/\/api.w.org\/{rel}","templated":true}]}}