{"id":384,"date":"2023-03-06T13:28:12","date_gmt":"2023-03-06T12:28:12","guid":{"rendered":"https:\/\/furustrand.no\/danke\/"},"modified":"2023-03-20T13:25:26","modified_gmt":"2023-03-20T12:25:26","slug":"danke","status":"publish","type":"page","link":"https:\/\/furustrand.no\/de\/danke\/","title":{"rendered":"Danke!"},"content":{"rendered":"\n<p>Vielen Dank f\u00fcr Ihre Anfrage.<\/p>\n\n<p><strong>Wir werden Ihnen so schnell wie m\u00f6glich antworten.<\/strong><\/p>\n\n<p>Gr\u00fc\u00dfe an uns auf Furustrand Camping.<\/p>\n","protected":false},"excerpt":{"rendered":"<p>Vielen Dank f\u00fcr Ihre Anfrage. Wir werden Ihnen so schnell wie m\u00f6glich antworten. Gr\u00fc\u00dfe an uns auf Furustrand Camping.<\/p>\n","protected":false},"author":1,"featured_media":939,"parent":0,"menu_order":0,"comment_status":"closed","ping_status":"closed","template":"","meta":{"_acf_changed":false,"footnotes":""},"class_list":["post-384","page","type-page","status-publish","has-post-thumbnail","hentry"],"acf":[],"_links":{"self":[{"href":"https:\/\/furustrand.no\/de\/wp-json\/wp\/v2\/pages\/384","targetHints":{"allow":["GET"]}}],"collection":[{"href":"https:\/\/furustrand.no\/de\/wp-json\/wp\/v2\/pages"}],"about":[{"href":"https:\/\/furustrand.no\/de\/wp-json\/wp\/v2\/types\/page"}],"author":[{"embeddable":true,"href":"https:\/\/furustrand.no\/de\/wp-json\/wp\/v2\/users\/1"}],"replies":[{"embeddable":true,"href":"https:\/\/furustrand.no\/de\/wp-json\/wp\/v2\/comments?post=384"}],"version-history":[{"count":0,"href":"https:\/\/furustrand.no\/de\/wp-json\/wp\/v2\/pages\/384\/revisions"}],"wp:featuredmedia":[{"embeddable":true,"href":"https:\/\/furustrand.no\/de\/wp-json\/wp\/v2\/media\/939"}],"wp:attachment":[{"href":"https:\/\/furustrand.no\/de\/wp-json\/wp\/v2\/media?parent=384"}],"curies":[{"name":"wp","href":"https:\/\/api.w.org\/{rel}","templated":true}]}}