{"id":388,"date":"2023-03-05T17:22:15","date_gmt":"2023-03-05T16:22:15","guid":{"rendered":"https:\/\/furustrand.no\/camping\/"},"modified":"2025-02-03T10:35:16","modified_gmt":"2025-02-03T09:35:16","slug":"camping","status":"publish","type":"page","link":"https:\/\/furustrand.no\/de\/camping\/","title":{"rendered":"Camping"},"content":{"rendered":"\n<p class=\"has-text-align-left\"><strong>Furustrand ist ein beliebter Campingplatz mit 31 \u00dcbernachtungspl\u00e4tzen f\u00fcr Wohnmobile\/Wohnwagen.<\/strong><\/p>\n\n<p>Wir sind das ganze Jahr \u00fcber ge\u00f6ffnet, haben aber im Winter nur begrenzt Platz. Alle unsere Stellpl\u00e4tze k\u00f6nnen online f\u00fcr mindestens zwei Tage gebucht werden. Wir vermieten Stellpl\u00e4tze inklusive Strom.  <\/p>\n\n<p>Furustrand verf\u00fcgt \u00fcber Einrichtungen von gutem Standard. Gemeinsame Au\u00dfenbereiche k\u00f6nnen von allen unseren G\u00e4sten genutzt werden. Alle Campingg\u00e4ste haben freien Zugang zur Gemeinschaftsk\u00fcche und zum Fernsehraum.  <\/p>\n","protected":false},"excerpt":{"rendered":"<p>Furustrand ist ein beliebter Campingplatz mit 31 \u00dcbernachtungspl\u00e4tzen f\u00fcr Wohnmobile\/Wohnwagen. Wir sind das ganze Jahr \u00fcber ge\u00f6ffnet, haben aber im Winter nur begrenzt Platz. Alle unsere Stellpl\u00e4tze k\u00f6nnen online f\u00fcr mindestens zwei Tage gebucht werden. Wir vermieten Stellpl\u00e4tze inklusive Strom. Furustrand verf\u00fcgt \u00fcber Einrichtungen von gutem Standard. Gemeinsame Au\u00dfenbereiche k\u00f6nnen von allen unseren G\u00e4sten genutzt [&hellip;]<\/p>\n","protected":false},"author":1,"featured_media":798,"parent":0,"menu_order":0,"comment_status":"closed","ping_status":"closed","template":"template-camping.php","meta":{"_acf_changed":false,"footnotes":""},"class_list":["post-388","page","type-page","status-publish","has-post-thumbnail","hentry"],"acf":[],"_links":{"self":[{"href":"https:\/\/furustrand.no\/de\/wp-json\/wp\/v2\/pages\/388","targetHints":{"allow":["GET"]}}],"collection":[{"href":"https:\/\/furustrand.no\/de\/wp-json\/wp\/v2\/pages"}],"about":[{"href":"https:\/\/furustrand.no\/de\/wp-json\/wp\/v2\/types\/page"}],"author":[{"embeddable":true,"href":"https:\/\/furustrand.no\/de\/wp-json\/wp\/v2\/users\/1"}],"replies":[{"embeddable":true,"href":"https:\/\/furustrand.no\/de\/wp-json\/wp\/v2\/comments?post=388"}],"version-history":[{"count":7,"href":"https:\/\/furustrand.no\/de\/wp-json\/wp\/v2\/pages\/388\/revisions"}],"predecessor-version":[{"id":1307,"href":"https:\/\/furustrand.no\/de\/wp-json\/wp\/v2\/pages\/388\/revisions\/1307"}],"wp:featuredmedia":[{"embeddable":true,"href":"https:\/\/furustrand.no\/de\/wp-json\/wp\/v2\/media\/798"}],"wp:attachment":[{"href":"https:\/\/furustrand.no\/de\/wp-json\/wp\/v2\/media?parent=388"}],"curies":[{"name":"wp","href":"https:\/\/api.w.org\/{rel}","templated":true}]}}