{"id":392,"date":"2023-03-05T16:11:56","date_gmt":"2023-03-05T15:11:56","guid":{"rendered":"https:\/\/furustrand.no\/buchung\/"},"modified":"2024-02-22T12:35:08","modified_gmt":"2024-02-22T11:35:08","slug":"buchung","status":"publish","type":"page","link":"https:\/\/furustrand.no\/de\/buchung\/","title":{"rendered":"Kabinen"},"content":{"rendered":"\n<p class=\"has-text-align-center\">Bei uns k\u00f6nnen Sie idyllisch direkt am Strand wohnen. In Furustrand bieten wir mehrere Kabinen und Wohnungen in verschiedenen Gr\u00f6\u00dfen an, mit unterschiedlichem Standard, alles mit guter Ausstattung &#8211; und auch mit spannenden Erlebnissen f\u00fcr die ganze Familie.<\/p>\n","protected":false},"excerpt":{"rendered":"<p>Bei uns k\u00f6nnen Sie idyllisch direkt am Strand wohnen. In Furustrand bieten wir mehrere Kabinen und Wohnungen in verschiedenen Gr\u00f6\u00dfen an, mit unterschiedlichem Standard, alles mit guter Ausstattung &#8211; und auch mit spannenden Erlebnissen f\u00fcr die ganze Familie.<\/p>\n","protected":false},"author":1,"featured_media":0,"parent":0,"menu_order":0,"comment_status":"closed","ping_status":"closed","template":"template-booking.php","meta":{"_acf_changed":false,"footnotes":""},"class_list":["post-392","page","type-page","status-publish","hentry"],"acf":[],"_links":{"self":[{"href":"https:\/\/furustrand.no\/de\/wp-json\/wp\/v2\/pages\/392","targetHints":{"allow":["GET"]}}],"collection":[{"href":"https:\/\/furustrand.no\/de\/wp-json\/wp\/v2\/pages"}],"about":[{"href":"https:\/\/furustrand.no\/de\/wp-json\/wp\/v2\/types\/page"}],"author":[{"embeddable":true,"href":"https:\/\/furustrand.no\/de\/wp-json\/wp\/v2\/users\/1"}],"replies":[{"embeddable":true,"href":"https:\/\/furustrand.no\/de\/wp-json\/wp\/v2\/comments?post=392"}],"version-history":[{"count":6,"href":"https:\/\/furustrand.no\/de\/wp-json\/wp\/v2\/pages\/392\/revisions"}],"predecessor-version":[{"id":1091,"href":"https:\/\/furustrand.no\/de\/wp-json\/wp\/v2\/pages\/392\/revisions\/1091"}],"wp:attachment":[{"href":"https:\/\/furustrand.no\/de\/wp-json\/wp\/v2\/media?parent=392"}],"curies":[{"name":"wp","href":"https:\/\/api.w.org\/{rel}","templated":true}]}}